{"id":16,"date":"2017-10-31T02:43:36","date_gmt":"2017-10-31T00:43:36","guid":{"rendered":"http:\/\/daimon.me\/aleph\/?page_id=16"},"modified":"2017-10-31T03:01:53","modified_gmt":"2017-10-31T01:01:53","slug":"despre","status":"publish","type":"page","link":"https:\/\/daimon.me\/aleph\/despre\/","title":{"rendered":"Despre mine"},"content":{"rendered":"<p>M\u0103 numesc Alexandru Chiril\u0103. Din na\u015ftere timi\u015forean, de meserie nestatornic.<\/p>\n<p>Un sumar aproape complet al traiectoriei mele educa\u0163ionale &amp; profesionale poate fi g\u0103sit pe <a href=\"https:\/\/www.linkedin.com\/in\/alexandru-chirila-b2745b10a\">profilul meu LinkedIN<\/a>.<\/p>\n<p>Pot fi contactat \u00een vreo 3 moduri: fie prin comentarii aici pe blog, fie prin LinkedIN, fie prin e-mailul de mai jos:<\/p>\n<p><img loading=\"lazy\" decoding=\"async\" class=\"size-medium wp-image-29 aligncenter\" src=\"https:\/\/daimon.me\/aleph\/wp-content\/uploads\/2017\/10\/mail1-400x41.jpg\" alt=\"\" width=\"400\" height=\"41\" srcset=\"https:\/\/daimon.me\/aleph\/wp-content\/uploads\/2017\/10\/mail1-400x41.jpg 400w, https:\/\/daimon.me\/aleph\/wp-content\/uploads\/2017\/10\/mail1.jpg 627w\" sizes=\"auto, (max-width: 400px) 100vw, 400px\" \/><\/p>\n<p>E-mailul este deschis comunic\u0103rilor cu persoane capabile de a comunica uman. Asta \u00eenseamn\u0103 un scurt <strong>DA<\/strong> colabor\u0103rilor, \u00eens\u0103 un scurt <strong>NU<\/strong> spamului, fie el \u015fi manifestat prin monomania pe un anume subiect.<\/p>\n<p>Pentru orice fel de \u00eentreb\u0103ri, stau la dispozi\u0163ie.<\/p>\n","protected":false},"excerpt":{"rendered":"<p>M\u0103 numesc Alexandru Chiril\u0103. Din na\u015ftere timi\u015forean, de meserie nestatornic. Un sumar aproape complet al traiectoriei mele educa\u0163ionale &amp; profesionale poate fi g\u0103sit pe profilul meu LinkedIN. Pot fi contactat \u00een vreo 3 moduri: fie <a class=\"more-link\" href=\"https:\/\/daimon.me\/aleph\/despre\/\">&#8230; > > > > ><\/a><\/p>\n","protected":false},"author":1,"featured_media":0,"parent":0,"menu_order":0,"comment_status":"closed","ping_status":"closed","template":"","meta":{"footnotes":""},"class_list":["post-16","page","type-page","status-publish","hentry"],"_links":{"self":[{"href":"https:\/\/daimon.me\/aleph\/wp-json\/wp\/v2\/pages\/16","targetHints":{"allow":["GET"]}}],"collection":[{"href":"https:\/\/daimon.me\/aleph\/wp-json\/wp\/v2\/pages"}],"about":[{"href":"https:\/\/daimon.me\/aleph\/wp-json\/wp\/v2\/types\/page"}],"author":[{"embeddable":true,"href":"https:\/\/daimon.me\/aleph\/wp-json\/wp\/v2\/users\/1"}],"replies":[{"embeddable":true,"href":"https:\/\/daimon.me\/aleph\/wp-json\/wp\/v2\/comments?post=16"}],"version-history":[{"count":5,"href":"https:\/\/daimon.me\/aleph\/wp-json\/wp\/v2\/pages\/16\/revisions"}],"predecessor-version":[{"id":31,"href":"https:\/\/daimon.me\/aleph\/wp-json\/wp\/v2\/pages\/16\/revisions\/31"}],"wp:attachment":[{"href":"https:\/\/daimon.me\/aleph\/wp-json\/wp\/v2\/media?parent=16"}],"curies":[{"name":"wp","href":"https:\/\/api.w.org\/{rel}","templated":true}]}}