{"id":165,"date":"2018-01-14T20:58:01","date_gmt":"2018-01-14T18:58:01","guid":{"rendered":"http:\/\/daimon.me\/aleph\/?page_id=165"},"modified":"2025-03-16T17:17:23","modified_gmt":"2025-03-16T15:17:23","slug":"categorii","status":"publish","type":"page","link":"https:\/\/daimon.me\/aleph\/categorii\/","title":{"rendered":"Categorii"},"content":{"rendered":"<p>Blogul de fa\u021b\u0103 posed\u0103 un num\u0103r oarecare de categorii. Eu unul le folosesc destul de lax, \u00een sensul c\u0103 o categorie pur \u0219i simplu va grupa un num\u0103r de articole care au vag aceea\u0219i tem\u0103, sau acela\u0219i gen de influen\u021b\u0103.<\/p>\n<p>Pentru curiozitatea onor publicului cititor, \u00eens\u0103 \u0219i pentru a-mi aminti eu care a fost scopul cre\u0103rii lor, fac o list\u0103:<\/p>\n<p><a href=\"https:\/\/daimon.me\/aleph\/categorii\/ce-am-inteles-din\/\">Ce-am \u00een\u021beles din<\/a>:<\/p>\n<blockquote><p>Recenzii, doar c\u0103 mi se pare un titlu prea pompos.<\/p><\/blockquote>\n<p><a href=\"https:\/\/daimon.me\/aleph\/categorii\/comert\/\">Comer\u021b<\/a>:<\/p>\n<blockquote><p>G\u0103sesc c\u0103 discu\u021biile despre nego\u021b, comer\u021b, economie \u0219amd merit\u0103 o categorie separat\u0103. \u0218i pentru c\u0103-s ele de interes separat, dar mai ales pentru a nu polua alte categorii.<\/p><\/blockquote>\n<p><a href=\"https:\/\/daimon.me\/aleph\/categorii\/cu-mana-mea\/\">Cu m\u00eena mea<\/a>:<\/p>\n<blockquote><p>Uneori fac chestii. Rareori merit\u0103 \u0219i ar\u0103tate altora, \u00eens\u0103 \u00een rarele cazuri c\u00eend se \u00eent\u00eempl\u0103 .. \u00een acest mod vor ap\u0103rea pe blog.<\/p><\/blockquote>\n<p><a href=\"https:\/\/daimon.me\/aleph\/categorii\/eseuri\/\">Eseuri<\/a>:<\/p>\n<blockquote><p>Sun\u0103 pompos. Nu este. Pur \u0219i simplu, uneori \u00eemi vine cheful s\u0103 rugem o idee pe \u00eendelete. Ce rezult\u0103, se \u00eenvele\u0219te frumu\u0219el \u00een paragrafe \u0219i se public\u0103 pe-aici.<\/p><\/blockquote>\n<p><a href=\"https:\/\/daimon.me\/aleph\/categorii\/joc-si-joaca\/\">Joc \u0219i joac\u0103<\/a><\/p>\n<blockquote><p>Uneori joc diverse jocuri, mai digitale sau mai analogice, tot felul de chestii. Poate c\u0103 unele merit\u0103 men\u021bionate \u0219i altora. Poate c\u0103 doar vreau eu s\u0103-mi notez ce jucam pe vremuri, s\u0103-mi reamintesc c\u00eendva.<\/p><\/blockquote>\n<p><a href=\"https:\/\/daimon.me\/aleph\/categorii\/jurnal\/\">Jurnal<\/a>:<\/p>\n<blockquote><p>Despre mine, cu mine \u00een rolul principal, ce cred, ce g\u00eendesc, prin ce trec.<\/p>\n<p>Chestiuni pe care nu-mi \u00eenchipui de ce le-a\u021bi urm\u0103ri, sincer s\u0103 fiu.<\/p><\/blockquote>\n<p><a href=\"https:\/\/daimon.me\/aleph\/categorii\/lecturi\/\">Lecturi<\/a>:<\/p>\n<blockquote><p>Ce-am \u00een\u021beles din &#8230; vreo carte. Sau meta-discu\u021bii despre diverse publica\u021bii.<\/p><\/blockquote>\n<p><a href=\"https:\/\/daimon.me\/aleph\/categorii\/lumea-mica\/\">Lumea mic\u0103<\/a>:<\/p>\n<blockquote><p>Uneori scriu despre chestiuni care-mi par importante, \u00eens\u0103 doar \u00een raport cu un trib foarte restr\u00eens. Spre exemplu, \u201etimi\u0219orenii\u201d. Sau \u201erom\u00e2nii\u201d. Practic, articolele din categoria asta s-ar reg\u0103si \u00eentr-o categorie numit\u0103 \u201eSocietate\u201d pe un alt blog.<\/p><\/blockquote>\n<p><a href=\"https:\/\/daimon.me\/aleph\/categorii\/lumea-mare\/\">Lumea mare<\/a>:<\/p>\n<blockquote><p>Dac\u0103 tot comit arogan\u021ba de-a numi spa\u021biul rom\u00e2nesc o lume mic\u0103, este musai \u0219i necesar s\u0103 am deci c\u00eeteva lucruri de spus \u0219i despre restul lumii. Lumea aia mare, \u00een care te pierzi dac\u0103 p\u0103\u0219e\u0219ti prea u\u0219or la drum. <sup><a href=\"#footnote_1_165\" id=\"identifier_1_165\" class=\"footnote-link footnote-identifier-link\" title=\"The road goes ever on, down from the door where it began. Now far ahead the road has gone, and I must follow, if I can, &hellip;.\">[1]<\/a><\/sup><\/em><\/p><\/blockquote>\n<p><a href=\"https:\/\/daimon.me\/aleph\/categorii\/privitor-in-vitrina-internetului\/\">Privitor \u00een vitrina internetului<\/a>:<\/p>\n<blockquote><p>Eu unul nu scriu \u00een gol, ci adesea pot spune c\u0103 m\u0103 g\u0103sesc inspirat de al\u021bi oameni; alte articole; al\u021bi blogheri; alte texte. Judec, deci, c\u0103 unii dintre ei merit\u0103 o reac\u021bie.<\/p>\n<p>Dac\u0103 un text se afl\u0103 \u00een aceast\u0103 categorie, se cheam\u0103 c\u0103 voi vorbi mai pe larg despre una dintre sursele mele. Fie pentru a l\u0103uda omul, fie pentru a critica. Ce-i clar e c-am trecut de simpla placiditate.<\/p><\/blockquote>\n<p><a href=\"https:\/\/daimon.me\/aleph\/categorii\/redescoperind-lumea\/\">Redescoperind lumea<\/a>:<\/p>\n<blockquote><p>Uneori \u00eemi tun\u0103 c\u00eete o idee. Poate nu o idee nou\u0103 \u00eentrutotul, \u00eens\u0103 nou\u0103 pentru mine, sau pentru cei care m\u0103 cunosc.<\/p>\n<p>Se \u00eent\u00eempl\u0103 un \u201eclic\u201d undeva, \u0219i brusc g\u00eendurile \u00eencep a merge pe un nou f\u0103ga\u0219. Aici notez aceste declicuri.<\/p><\/blockquote>\n<p><a href=\"https:\/\/daimon.me\/aleph\/categorii\/traducerea-si-adaptarea\/\">Traducerea \u0219i adaptarea<\/a><\/p>\n<blockquote><p>Uneori nu doar c\u0103 privesc \u00een vitrina internetului, ci \u00eencerc cu puterile mele s\u0103 traduc una-alta, ba chiar s\u0103 notez unele observa\u021bii pe tema materialului tradus.<\/p><\/blockquote>\n<p style=\"text-align: center;\">~*~<\/p>\n<p>Evident, lista de categorii nu este b\u0103tut\u0103 \u00een cuie, ci va cre\u0219te pe c\u00eet este nevoie.<\/p>\n----------<ol class=\"footnotes\"><li id=\"footnote_1_165\" class=\"footnote\"><em>The road goes ever on, down from the door where it began. Now far ahead the road has gone, and I must follow, if I can, &#8230;.<span class=\"footnote-back-link-wrapper\">[<a href=\"#identifier_1_165\" class=\"footnote-link footnote-back-link\">&#8617;<\/a>]<\/span><\/li><\/ol>----------","protected":false},"excerpt":{"rendered":"<p>Blogul de fa\u021b\u0103 posed\u0103 un num\u0103r oarecare de categorii. Eu unul le folosesc destul de lax, \u00een sensul c\u0103 o categorie pur \u0219i simplu va grupa un num\u0103r de articole care au vag aceea\u0219i tem\u0103, <a class=\"more-link\" href=\"https:\/\/daimon.me\/aleph\/categorii\/\">&#8230; > > > > ><\/a><\/p>\n","protected":false},"author":1,"featured_media":0,"parent":0,"menu_order":0,"comment_status":"closed","ping_status":"closed","template":"","meta":{"footnotes":""},"class_list":["post-165","page","type-page","status-publish","hentry"],"_links":{"self":[{"href":"https:\/\/daimon.me\/aleph\/wp-json\/wp\/v2\/pages\/165","targetHints":{"allow":["GET"]}}],"collection":[{"href":"https:\/\/daimon.me\/aleph\/wp-json\/wp\/v2\/pages"}],"about":[{"href":"https:\/\/daimon.me\/aleph\/wp-json\/wp\/v2\/types\/page"}],"author":[{"embeddable":true,"href":"https:\/\/daimon.me\/aleph\/wp-json\/wp\/v2\/users\/1"}],"replies":[{"embeddable":true,"href":"https:\/\/daimon.me\/aleph\/wp-json\/wp\/v2\/comments?post=165"}],"version-history":[{"count":6,"href":"https:\/\/daimon.me\/aleph\/wp-json\/wp\/v2\/pages\/165\/revisions"}],"predecessor-version":[{"id":1743,"href":"https:\/\/daimon.me\/aleph\/wp-json\/wp\/v2\/pages\/165\/revisions\/1743"}],"wp:attachment":[{"href":"https:\/\/daimon.me\/aleph\/wp-json\/wp\/v2\/media?parent=165"}],"curies":[{"name":"wp","href":"https:\/\/api.w.org\/{rel}","templated":true}]}}