{"id":20,"date":"2017-10-31T02:44:06","date_gmt":"2017-10-31T00:44:06","guid":{"rendered":"http:\/\/daimon.me\/aleph\/?page_id=20"},"modified":"2020-04-25T04:18:15","modified_gmt":"2020-04-25T01:18:15","slug":"despre-blog","status":"publish","type":"page","link":"https:\/\/daimon.me\/aleph\/despre-blog\/","title":{"rendered":"Despre blog"},"content":{"rendered":"<p>Blogul este al meu. Asta \u00eenseamn\u0103 c\u0103 port vreo 3 p\u0103l\u0103rii atunci c\u00eend m\u0103 manifest pe-aici; sunt simultan proprietar, administrator, autor. <sup><a href=\"#footnote_1_20\" id=\"identifier_1_20\" class=\"footnote-link footnote-identifier-link\" title=\"Uneori sunt cititor, dar atunci nu se zice c\u0103 m\u0103 manifest, nu?\">[1]<\/a><\/sup><\/p>\n<p>\u00cen calitate de proprietar, nu fac nimic \u015fi nu-mi decurge vreun mare beneficiu. Domeniul \u015fi blogul vor exista at\u00eeta timp c\u00eet le v\u0103d eu rostul; blogul fiind jurnal pe care nu vreau s\u0103-l pierd, am s\u0103-l men\u0163in p\u00een\u0103 ajung pauper sau debil mental <sup><a href=\"#footnote_2_20\" id=\"identifier_2_20\" class=\"footnote-link footnote-identifier-link\" title=\"Caz &icirc;n care a\u015f prefera ca defectele mele psihice s\u0103 r\u0103m&icirc;n\u0103 c&icirc;t mai private cu putin\u0163\u0103, totu\u015fi.\">[2]<\/a><\/sup>.<\/p>\n<p>\u00cen calitate de administrator, iar\u0103\u015fi nu-s prea multe de f\u0103cut \u00een afar\u0103 de \u00eentre\u0163inerea periodic\u0103. Aici includem comentariile, aplic politica (mea) de administrare. Se poate spune orice, despre orice, at\u00eet timp c\u00eet produsul este rezultatul muncii de g\u00eendire \u0219i scriere a unui om. Repeti\u021bia, chiar \u0219i sub forma fixa\u021biei pe un anume subiect, nu denot\u0103 g\u00eendire.<\/p>\n<p>\u00cen calitate de autor .. p\u0103i, fac ce se vede c\u0103 fac. Scriu dup\u0103 gust, \u00eenclina\u0163ii \u015fi cheful de moment. Temele le aleg din ce-mi este mai la \u00eendem\u00een\u0103 mental. Nu m\u0103 g\u0103sesc at\u00eernat de vreun interes comercial sau de alt\u0103 natur\u0103 pe care s\u0103 nu-l pot revela.<\/p>\n<p>Cam asta. Minimul necesar pentru a ne \u00een\u0163elege ca oamenii pe-aici, zic eu.<\/p>\n----------<ol class=\"footnotes\"><li id=\"footnote_1_20\" class=\"footnote\">Uneori sunt cititor, dar atunci nu se zice c\u0103 m\u0103 manifest, nu?<span class=\"footnote-back-link-wrapper\">[<a href=\"#identifier_1_20\" class=\"footnote-link footnote-back-link\">&#8617;<\/a>]<\/span><\/li><li id=\"footnote_2_20\" class=\"footnote\">Caz \u00een care a\u015f prefera ca defectele mele psihice s\u0103 r\u0103m\u00een\u0103 c\u00eet mai private cu putin\u0163\u0103, totu\u015fi.<span class=\"footnote-back-link-wrapper\">[<a href=\"#identifier_2_20\" class=\"footnote-link footnote-back-link\">&#8617;<\/a>]<\/span><\/li><\/ol>----------","protected":false},"excerpt":{"rendered":"<p>Blogul este al meu. Asta \u00eenseamn\u0103 c\u0103 port vreo 3 p\u0103l\u0103rii atunci c\u00eend m\u0103 manifest pe-aici; sunt simultan proprietar, administrator, autor. [1] \u00cen calitate de proprietar, nu fac nimic \u015fi nu-mi decurge vreun mare beneficiu. <a class=\"more-link\" href=\"https:\/\/daimon.me\/aleph\/despre-blog\/\">&#8230; > > > > ><\/a><\/p>\n","protected":false},"author":1,"featured_media":0,"parent":0,"menu_order":0,"comment_status":"closed","ping_status":"closed","template":"","meta":{"footnotes":""},"class_list":["post-20","page","type-page","status-publish","hentry"],"_links":{"self":[{"href":"https:\/\/daimon.me\/aleph\/wp-json\/wp\/v2\/pages\/20","targetHints":{"allow":["GET"]}}],"collection":[{"href":"https:\/\/daimon.me\/aleph\/wp-json\/wp\/v2\/pages"}],"about":[{"href":"https:\/\/daimon.me\/aleph\/wp-json\/wp\/v2\/types\/page"}],"author":[{"embeddable":true,"href":"https:\/\/daimon.me\/aleph\/wp-json\/wp\/v2\/users\/1"}],"replies":[{"embeddable":true,"href":"https:\/\/daimon.me\/aleph\/wp-json\/wp\/v2\/comments?post=20"}],"version-history":[{"count":5,"href":"https:\/\/daimon.me\/aleph\/wp-json\/wp\/v2\/pages\/20\/revisions"}],"predecessor-version":[{"id":693,"href":"https:\/\/daimon.me\/aleph\/wp-json\/wp\/v2\/pages\/20\/revisions\/693"}],"wp:attachment":[{"href":"https:\/\/daimon.me\/aleph\/wp-json\/wp\/v2\/media?parent=20"}],"curies":[{"name":"wp","href":"https:\/\/api.w.org\/{rel}","templated":true}]}}