{"id":23,"date":"2017-10-31T02:45:18","date_gmt":"2017-10-31T00:45:18","guid":{"rendered":"http:\/\/daimon.me\/aleph\/?page_id=23"},"modified":"2018-01-14T21:00:24","modified_gmt":"2018-01-14T19:00:24","slug":"blogroll","status":"publish","type":"page","link":"https:\/\/daimon.me\/aleph\/blogroll\/","title":{"rendered":"Blogroll"},"content":{"rendered":"<p>Lista de fa\u0163\u0103 nu va fi un blogroll \u00een\u0163eles \u00een sensul clasic la cuv\u00eentului. Departe de mine g\u00eendul s\u0103 fac o simpl\u0103 list\u0103 de bloguri.<\/p>\n<p>De obicei, un blogroll este o promisiune despre viitor. &#8222;<em>Iat\u0103, pun acest blogher la blogroll, \u015fi promit c\u0103 va scrie bine pe viitor<\/em>&#8222;. O a\u015fa promisiune este stupid\u0103. Cine poate promite pe spatele altuia? <sup><a href=\"#footnote_1_23\" id=\"identifier_1_23\" class=\"footnote-link footnote-identifier-link\" title=\"Vorba aia, mor c\u0103snicii de\u015fi promit mirii c\u0103 &bdquo;se vor iubi p&icirc;n\u0103 la moarte&rdquo;&hellip;\">[1]<\/a><\/sup><\/p>\n<p>Dimpotriv\u0103, eu aici voi nota linkuri c\u0103tre oamenii pe care mi-a fost drag s\u0103 \u00eei citesc de-a lungul timpului. Asta \u00eenseamn\u0103 deci c\u0103 privirea este aplecat\u0103 <em>\u00eenspre trecut<\/em>. Se prea poate c\u0103 vremurile vor vremui, iar cei din aceast\u0103 list\u0103 vor \u00eenceta cu totul s\u0103 scrie. Nu conteaz\u0103, pentru mine.<\/p>\n<p>Dac\u0103 blogul le supravie\u0163uie\u015fte, eu unul voi continua s\u0103 recomand a face o vizit\u0103, \u015fi a citi m\u0103car arhiva de articole din trecut. Pu\u0163ini merit\u0103 osteneala asta, zic eu. Da&#8217; \u0219i \u0103ia care o merit\u0103 &#8230;<\/p>\n<p style=\"text-align: center;\">~*~<\/p>\n<p>(..)<\/p>\n----------<ol class=\"footnotes\"><li id=\"footnote_1_23\" class=\"footnote\">Vorba aia, mor c\u0103snicii de\u015fi promit mirii c\u0103 \u201ese vor iubi p\u00een\u0103 la moarte\u201d&#8230;<span class=\"footnote-back-link-wrapper\">[<a href=\"#identifier_1_23\" class=\"footnote-link footnote-back-link\">&#8617;<\/a>]<\/span><\/li><\/ol>----------","protected":false},"excerpt":{"rendered":"<p>Lista de fa\u0163\u0103 nu va fi un blogroll \u00een\u0163eles \u00een sensul clasic la cuv\u00eentului. Departe de mine g\u00eendul s\u0103 fac o simpl\u0103 list\u0103 de bloguri. De obicei, un blogroll este o promisiune despre viitor. &#8222;Iat\u0103, <a class=\"more-link\" href=\"https:\/\/daimon.me\/aleph\/blogroll\/\">&#8230; > > > > ><\/a><\/p>\n","protected":false},"author":1,"featured_media":0,"parent":0,"menu_order":0,"comment_status":"closed","ping_status":"closed","template":"","meta":{"footnotes":""},"class_list":["post-23","page","type-page","status-publish","hentry"],"_links":{"self":[{"href":"https:\/\/daimon.me\/aleph\/wp-json\/wp\/v2\/pages\/23","targetHints":{"allow":["GET"]}}],"collection":[{"href":"https:\/\/daimon.me\/aleph\/wp-json\/wp\/v2\/pages"}],"about":[{"href":"https:\/\/daimon.me\/aleph\/wp-json\/wp\/v2\/types\/page"}],"author":[{"embeddable":true,"href":"https:\/\/daimon.me\/aleph\/wp-json\/wp\/v2\/users\/1"}],"replies":[{"embeddable":true,"href":"https:\/\/daimon.me\/aleph\/wp-json\/wp\/v2\/comments?post=23"}],"version-history":[{"count":5,"href":"https:\/\/daimon.me\/aleph\/wp-json\/wp\/v2\/pages\/23\/revisions"}],"predecessor-version":[{"id":26,"href":"https:\/\/daimon.me\/aleph\/wp-json\/wp\/v2\/pages\/23\/revisions\/26"}],"wp:attachment":[{"href":"https:\/\/daimon.me\/aleph\/wp-json\/wp\/v2\/media?parent=23"}],"curies":[{"name":"wp","href":"https:\/\/api.w.org\/{rel}","templated":true}]}}